{"id":910,"date":"2020-11-09T16:13:17","date_gmt":"2020-11-09T15:13:17","guid":{"rendered":"http:\/\/16dni.smartcommerce.sk\/?page_id=910"},"modified":"2020-11-09T16:13:18","modified_gmt":"2020-11-09T15:13:18","slug":"ochrana-osobnych-udajov","status":"publish","type":"page","link":"https:\/\/www.fenestra.sk\/16-dni-aktivizmu\/ochrana-osobnych-udajov\/","title":{"rendered":"Ochrana osobn\u00fdch \u00fadajov"},"content":{"rendered":"","protected":false},"excerpt":{"rendered":"","protected":false},"author":3,"featured_media":0,"parent":0,"menu_order":0,"comment_status":"closed","ping_status":"closed","template":"","meta":{"site-sidebar-layout":"default","site-content-layout":"default","ast-site-content-layout":"default","site-content-style":"default","site-sidebar-style":"default","ast-global-header-display":"","ast-banner-title-visibility":"","ast-main-header-display":"","ast-hfb-above-header-display":"","ast-hfb-below-header-display":"","ast-hfb-mobile-header-display":"","site-post-title":"","ast-breadcrumbs-content":"","ast-featured-img":"","footer-sml-layout":"","theme-transparent-header-meta":"default","adv-header-id-meta":"","stick-header-meta":"","header-above-stick-meta":"","header-main-stick-meta":"","header-below-stick-meta":"","astra-migrate-meta-layouts":"default","ast-page-background-enabled":"default","ast-page-background-meta":{"desktop":{"background-color":"var(--ast-global-color-4)","background-image":"","background-repeat":"repeat","background-position":"center center","background-size":"auto","background-attachment":"scroll","background-type":"","background-media":"","overlay-type":"","overlay-color":"","overlay-opacity":"","overlay-gradient":""},"tablet":{"background-color":"","background-image":"","background-repeat":"repeat","background-position":"center center","background-size":"auto","background-attachment":"scroll","background-type":"","background-media":"","overlay-type":"","overlay-color":"","overlay-opacity":"","overlay-gradient":""},"mobile":{"background-color":"","background-image":"","background-repeat":"repeat","background-position":"center center","background-size":"auto","background-attachment":"scroll","background-type":"","background-media":"","overlay-type":"","overlay-color":"","overlay-opacity":"","overlay-gradient":""}},"ast-content-background-meta":{"desktop":{"background-color":"var(--ast-global-color-5)","background-image":"","background-repeat":"repeat","background-position":"center center","background-size":"auto","background-attachment":"scroll","background-type":"","background-media":"","overlay-type":"","overlay-color":"","overlay-opacity":"","overlay-gradient":""},"tablet":{"background-color":"var(--ast-global-color-5)","background-image":"","background-repeat":"repeat","background-position":"center center","background-size":"auto","background-attachment":"scroll","background-type":"","background-media":"","overlay-type":"","overlay-color":"","overlay-opacity":"","overlay-gradient":""},"mobile":{"background-color":"var(--ast-global-color-5)","background-image":"","background-repeat":"repeat","background-position":"center center","background-size":"auto","background-attachment":"scroll","background-type":"","background-media":"","overlay-type":"","overlay-color":"","overlay-opacity":"","overlay-gradient":""}},"footnotes":""},"class_list":["post-910","page","type-page","status-publish","hentry"],"yoast_head":"<!-- This site is optimized with the Yoast SEO plugin v26.0 - https:\/\/yoast.com\/wordpress\/plugins\/seo\/ -->\n<title>Ochrana osobn\u00fdch \u00fadajov - 16 Dn\u00ed Aktivizmu<\/title>\n<meta name=\"robots\" content=\"index, follow, max-snippet:-1, max-image-preview:large, max-video-preview:-1\" \/>\n<link rel=\"canonical\" href=\"https:\/\/www.fenestra.sk\/16-dni-aktivizmu\/ochrana-osobnych-udajov\/\" \/>\n<meta property=\"og:locale\" content=\"sk_SK\" \/>\n<meta property=\"og:type\" content=\"article\" \/>\n<meta property=\"og:title\" content=\"Ochrana osobn\u00fdch \u00fadajov - 16 Dn\u00ed Aktivizmu\" \/>\n<meta property=\"og:url\" content=\"https:\/\/www.fenestra.sk\/16-dni-aktivizmu\/ochrana-osobnych-udajov\/\" \/>\n<meta property=\"og:site_name\" content=\"16 Dn\u00ed Aktivizmu\" \/>\n<meta property=\"article:modified_time\" content=\"2020-11-09T15:13:18+00:00\" \/>\n<meta name=\"twitter:card\" content=\"summary_large_image\" \/>\n<script type=\"application\/ld+json\" class=\"yoast-schema-graph\">{\"@context\":\"https:\/\/schema.org\",\"@graph\":[{\"@type\":\"WebPage\",\"@id\":\"https:\/\/www.fenestra.sk\/16-dni-aktivizmu\/ochrana-osobnych-udajov\/\",\"url\":\"https:\/\/www.fenestra.sk\/16-dni-aktivizmu\/ochrana-osobnych-udajov\/\",\"name\":\"Ochrana osobn\u00fdch \u00fadajov - 16 Dn\u00ed Aktivizmu\",\"isPartOf\":{\"@id\":\"https:\/\/www.fenestra.sk\/16-dni-aktivizmu\/#website\"},\"datePublished\":\"2020-11-09T15:13:17+00:00\",\"dateModified\":\"2020-11-09T15:13:18+00:00\",\"breadcrumb\":{\"@id\":\"https:\/\/www.fenestra.sk\/16-dni-aktivizmu\/ochrana-osobnych-udajov\/#breadcrumb\"},\"inLanguage\":\"sk-SK\",\"potentialAction\":[{\"@type\":\"ReadAction\",\"target\":[\"https:\/\/www.fenestra.sk\/16-dni-aktivizmu\/ochrana-osobnych-udajov\/\"]}]},{\"@type\":\"BreadcrumbList\",\"@id\":\"https:\/\/www.fenestra.sk\/16-dni-aktivizmu\/ochrana-osobnych-udajov\/#breadcrumb\",\"itemListElement\":[{\"@type\":\"ListItem\",\"position\":1,\"name\":\"Domovsk\u00e1 str\u00e1nka\",\"item\":\"https:\/\/www.fenestra.sk\/16-dni-aktivizmu\/\"},{\"@type\":\"ListItem\",\"position\":2,\"name\":\"Ochrana osobn\u00fdch \u00fadajov\"}]},{\"@type\":\"WebSite\",\"@id\":\"https:\/\/www.fenestra.sk\/16-dni-aktivizmu\/#website\",\"url\":\"https:\/\/www.fenestra.sk\/16-dni-aktivizmu\/\",\"name\":\"16 Dn\u00ed Aktivizmu\",\"description\":\"\",\"potentialAction\":[{\"@type\":\"SearchAction\",\"target\":{\"@type\":\"EntryPoint\",\"urlTemplate\":\"https:\/\/www.fenestra.sk\/16-dni-aktivizmu\/?s={search_term_string}\"},\"query-input\":{\"@type\":\"PropertyValueSpecification\",\"valueRequired\":true,\"valueName\":\"search_term_string\"}}],\"inLanguage\":\"sk-SK\"}]}<\/script>\n<!-- \/ Yoast SEO plugin. -->","yoast_head_json":{"title":"Ochrana osobn\u00fdch \u00fadajov - 16 Dn\u00ed Aktivizmu","robots":{"index":"index","follow":"follow","max-snippet":"max-snippet:-1","max-image-preview":"max-image-preview:large","max-video-preview":"max-video-preview:-1"},"canonical":"https:\/\/www.fenestra.sk\/16-dni-aktivizmu\/ochrana-osobnych-udajov\/","og_locale":"sk_SK","og_type":"article","og_title":"Ochrana osobn\u00fdch \u00fadajov - 16 Dn\u00ed Aktivizmu","og_url":"https:\/\/www.fenestra.sk\/16-dni-aktivizmu\/ochrana-osobnych-udajov\/","og_site_name":"16 Dn\u00ed Aktivizmu","article_modified_time":"2020-11-09T15:13:18+00:00","twitter_card":"summary_large_image","schema":{"@context":"https:\/\/schema.org","@graph":[{"@type":"WebPage","@id":"https:\/\/www.fenestra.sk\/16-dni-aktivizmu\/ochrana-osobnych-udajov\/","url":"https:\/\/www.fenestra.sk\/16-dni-aktivizmu\/ochrana-osobnych-udajov\/","name":"Ochrana osobn\u00fdch \u00fadajov - 16 Dn\u00ed Aktivizmu","isPartOf":{"@id":"https:\/\/www.fenestra.sk\/16-dni-aktivizmu\/#website"},"datePublished":"2020-11-09T15:13:17+00:00","dateModified":"2020-11-09T15:13:18+00:00","breadcrumb":{"@id":"https:\/\/www.fenestra.sk\/16-dni-aktivizmu\/ochrana-osobnych-udajov\/#breadcrumb"},"inLanguage":"sk-SK","potentialAction":[{"@type":"ReadAction","target":["https:\/\/www.fenestra.sk\/16-dni-aktivizmu\/ochrana-osobnych-udajov\/"]}]},{"@type":"BreadcrumbList","@id":"https:\/\/www.fenestra.sk\/16-dni-aktivizmu\/ochrana-osobnych-udajov\/#breadcrumb","itemListElement":[{"@type":"ListItem","position":1,"name":"Domovsk\u00e1 str\u00e1nka","item":"https:\/\/www.fenestra.sk\/16-dni-aktivizmu\/"},{"@type":"ListItem","position":2,"name":"Ochrana osobn\u00fdch \u00fadajov"}]},{"@type":"WebSite","@id":"https:\/\/www.fenestra.sk\/16-dni-aktivizmu\/#website","url":"https:\/\/www.fenestra.sk\/16-dni-aktivizmu\/","name":"16 Dn\u00ed Aktivizmu","description":"","potentialAction":[{"@type":"SearchAction","target":{"@type":"EntryPoint","urlTemplate":"https:\/\/www.fenestra.sk\/16-dni-aktivizmu\/?s={search_term_string}"},"query-input":{"@type":"PropertyValueSpecification","valueRequired":true,"valueName":"search_term_string"}}],"inLanguage":"sk-SK"}]}},"_links":{"self":[{"href":"https:\/\/www.fenestra.sk\/16-dni-aktivizmu\/wp-json\/wp\/v2\/pages\/910","targetHints":{"allow":["GET"]}}],"collection":[{"href":"https:\/\/www.fenestra.sk\/16-dni-aktivizmu\/wp-json\/wp\/v2\/pages"}],"about":[{"href":"https:\/\/www.fenestra.sk\/16-dni-aktivizmu\/wp-json\/wp\/v2\/types\/page"}],"author":[{"embeddable":true,"href":"https:\/\/www.fenestra.sk\/16-dni-aktivizmu\/wp-json\/wp\/v2\/users\/3"}],"replies":[{"embeddable":true,"href":"https:\/\/www.fenestra.sk\/16-dni-aktivizmu\/wp-json\/wp\/v2\/comments?post=910"}],"version-history":[{"count":1,"href":"https:\/\/www.fenestra.sk\/16-dni-aktivizmu\/wp-json\/wp\/v2\/pages\/910\/revisions"}],"predecessor-version":[{"id":911,"href":"https:\/\/www.fenestra.sk\/16-dni-aktivizmu\/wp-json\/wp\/v2\/pages\/910\/revisions\/911"}],"wp:attachment":[{"href":"https:\/\/www.fenestra.sk\/16-dni-aktivizmu\/wp-json\/wp\/v2\/media?parent=910"}],"curies":[{"name":"wp","href":"https:\/\/api.w.org\/{rel}","templated":true}]}}